{"id":34858,"date":"2025-11-28T16:08:06","date_gmt":"2025-11-28T16:08:06","guid":{"rendered":"https:\/\/mayrex.rs\/product-categories\/"},"modified":"2026-03-20T10:01:43","modified_gmt":"2026-03-20T10:01:43","slug":"product-categories","status":"publish","type":"page","link":"https:\/\/mayrex.rs\/en\/product-categories\/","title":{"rendered":"Product Categories"},"content":{"rendered":"\t\t<div data-elementor-type=\"wp-page\" data-elementor-id=\"34858\" class=\"elementor elementor-34858 elementor-34172\" data-elementor-post-type=\"page\">\n\t\t\t\t<div class=\"wd-negative-gap elementor-element elementor-element-52ef9764 e-flex e-con-boxed e-con e-parent\" data-id=\"52ef9764\" data-element_type=\"container\" data-e-type=\"container\">\n\t\t\t\t\t<div class=\"e-con-inner\">\n\t\t\t\t<div class=\"elementor-element elementor-element-7f610960 wd-width-100 wd-nav-accordion-mb-on elementor-widget elementor-widget-wd_product_categories\" data-id=\"7f610960\" data-element_type=\"widget\" data-e-type=\"widget\" data-widget_type=\"wd_product_categories.default\">\n\t\t\t\t<div class=\"elementor-widget-container\">\n\t\t\t\t\t\t\t\t\t\t\t\t\t\t\n\t\t\t\t<div class=\"wd-cats-element\">\n\t\t\t\t\t<div class=\"wd-grid-g wd-cats products columns-5 elements-grid\" style=\"--wd-col-lg:5;--wd-col-md:4;--wd-col-sm:2;--wd-gap-lg:30px;--wd-gap-sm:10px;\">\n\t\t\t\t\t\t\t\t\t\t\t\t\t\n<div class=\"wd-col category-grid-item wd-cat cat-design-alt categories-with-shadow without-product-count wd-with-subcat product-category product first\" data-loop=\"1\">\n\t\n\t<div class=\"wd-cat-inner wrapp-category\">\n\t\t<div class=\"wd-cat-thumb category-image-wrapp\">\n\t\t\t<a class=\"wd-cat-image category-image\" href=\"https:\/\/mayrex.rs\/en\/product-categories\/sweets-and-snacks\/\" aria-label=\"Sweets and snacks\">\n\t\t\t\t\n\t\t\t\t<img loading=\"lazy\" decoding=\"async\" width=\"1200\" height=\"1200\" src=\"https:\/\/mayrex.rs\/wp-content\/uploads\/2025\/07\/grisini-classic.jpg\" class=\"attachment-full size-full\" alt=\"\" srcset=\"https:\/\/mayrex.rs\/wp-content\/uploads\/2025\/07\/grisini-classic.jpg 1200w, https:\/\/mayrex.rs\/wp-content\/uploads\/2025\/07\/grisini-classic-430x430.jpg 430w, https:\/\/mayrex.rs\/wp-content\/uploads\/2025\/07\/grisini-classic-150x150.jpg 150w, https:\/\/mayrex.rs\/wp-content\/uploads\/2025\/07\/grisini-classic-700x700.jpg 700w, https:\/\/mayrex.rs\/wp-content\/uploads\/2025\/07\/grisini-classic-300x300.jpg 300w, https:\/\/mayrex.rs\/wp-content\/uploads\/2025\/07\/grisini-classic-800x800.jpg 800w, https:\/\/mayrex.rs\/wp-content\/uploads\/2025\/07\/grisini-classic-768x768.jpg 768w\" sizes=\"auto, (max-width: 1200px) 100vw, 1200px\" \/>\t\t\t<\/a>\n\t\t<\/div>\n\t\t<div class=\"wd-cat-content hover-mask\">\n\t\t\t<h3 class=\"wd-entities-title\">\n\t\t\t\tSweets and snacks\t\t\t<\/h3>\n\n\t\t\t\n\t\t\t\t\t<\/div>\n\n\t\t\t\t<a class=\"wd-fill category-link\" href=\"https:\/\/mayrex.rs\/en\/product-categories\/sweets-and-snacks\/\" aria-label=\"Product category sweets-and-snacks\"><\/a>\n\t\t\t<\/div>\n\n\t<\/div>\n\t\t\t\t\t\t\t\t\t\t\t<\/div>\n\t\t\t\t<\/div>\n\t\t\t\t\t\t\t\t\t\t\t<\/div>\n\t\t\t\t<\/div>\n\t\t\t\t\t<\/div>\n\t\t\t\t<\/div>\n\t\t\t\t<\/div>\n\t\t","protected":false},"excerpt":{"rendered":"<p>Bezglutenski program Biljne pavlake, \u0161lag, mle\u010dni proizvodi Biljni napici Bra\u0161no D\u017eemovi i namazi Pelati i sosevi Proteinski program Slatki\u0161i i<\/p>\n","protected":false},"author":1,"featured_media":0,"parent":0,"menu_order":0,"comment_status":"closed","ping_status":"closed","template":"elementor_header_footer","meta":{"footnotes":""},"class_list":["post-34858","page","type-page","status-publish","hentry"],"_links":{"self":[{"href":"https:\/\/mayrex.rs\/en\/wp-json\/wp\/v2\/pages\/34858","targetHints":{"allow":["GET"]}}],"collection":[{"href":"https:\/\/mayrex.rs\/en\/wp-json\/wp\/v2\/pages"}],"about":[{"href":"https:\/\/mayrex.rs\/en\/wp-json\/wp\/v2\/types\/page"}],"author":[{"embeddable":true,"href":"https:\/\/mayrex.rs\/en\/wp-json\/wp\/v2\/users\/1"}],"replies":[{"embeddable":true,"href":"https:\/\/mayrex.rs\/en\/wp-json\/wp\/v2\/comments?post=34858"}],"version-history":[{"count":1,"href":"https:\/\/mayrex.rs\/en\/wp-json\/wp\/v2\/pages\/34858\/revisions"}],"predecessor-version":[{"id":34859,"href":"https:\/\/mayrex.rs\/en\/wp-json\/wp\/v2\/pages\/34858\/revisions\/34859"}],"wp:attachment":[{"href":"https:\/\/mayrex.rs\/en\/wp-json\/wp\/v2\/media?parent=34858"}],"curies":[{"name":"wp","href":"https:\/\/api.w.org\/{rel}","templated":true}]}}