{"id":32695,"date":"2025-08-12T10:38:45","date_gmt":"2025-08-12T10:38:45","guid":{"rendered":"https:\/\/mayrex.rs\/?post_type=product&#038;p=32695"},"modified":"2025-09-08T10:07:42","modified_gmt":"2025-09-08T10:07:42","slug":"healthy-morning-paket","status":"publish","type":"product","link":"https:\/\/mayrex.rs\/en\/\u043f\u0440\u043e\u0438\u0437\u0432\u043e\u0434\/healthy-morning-paket\/","title":{"rendered":"Healthy Morning paket"},"content":{"rendered":"\t\t<div data-elementor-type=\"product-post\" data-elementor-id=\"32695\" class=\"elementor elementor-32695\" data-elementor-post-type=\"product\">\n\t\t\t\t<div class=\"wd-negative-gap elementor-element elementor-element-7d0ab6be e-flex e-con-boxed e-con e-parent\" data-id=\"7d0ab6be\" data-element_type=\"container\" data-e-type=\"container\">\n\t\t\t\t\t<div class=\"e-con-inner\">\n\t\t\t\t<div class=\"elementor-element elementor-element-389a6016 color-scheme-inherit text-left elementor-widget elementor-widget-text-editor\" data-id=\"389a6016\" data-element_type=\"widget\" data-e-type=\"widget\" data-widget_type=\"text-editor.default\">\n\t\t\t\t<div class=\"elementor-widget-container\">\n\t\t\t\t\t\t\t\t\t<p><strong>Paket sadr\u017ei:<\/strong><\/p><p class=\"p1\"><span data-sheets-root=\"1\">NAPITAK OD SOJE SA KALCIJUMOM 1L<\/span><\/p><p><span data-sheets-root=\"1\">PROTEIN GRANOLA SA \u010cOKOLADOM I ORA\u0160ASTIM PLODOVIMA 300g<\/span><\/p><p><span data-sheets-root=\"1\">GO ON KIKIRIKI PUTER 180 g<\/span><\/p><p><span data-sheets-root=\"1\">KURKUMA SHOT 150 ml<\/span><\/p>\t\t\t\t\t\t\t\t<\/div>\n\t\t\t\t<\/div>\n\t\t\t\t<div class=\"elementor-element elementor-element-ddec67d elementor-widget elementor-widget-wd_table\" data-id=\"ddec67d\" data-element_type=\"widget\" data-e-type=\"widget\" data-widget_type=\"wd_table.default\">\n\t\t\t\t<div class=\"elementor-widget-container\">\n\t\t\t\t\t\t\t<div class=\"wd-el-table-wrap wd-reset-all-last\">\n\t\t\t<table class=\"wd-el-table\">\n\t\t\t\t\t\t\t\t\t<thead class=\"text-left\">\n\t\t\t\t\t\t\t\t\t\t\t\t\t\t\t\t\t\t\t\t\t\t\t\t\t\t\t\t\t\t<tr class=\"wd-table-row elementor-repeater-item-2d21d05\">\n\t\t\t\t\t\t\t\t\t\t\t\t\t\t\t\t\t\t\t\t\t\t\t\t\t\t\t\t\t\t\t\t\t\t\t\t<th class=\"wd-table-cell elementor-repeater-item-c741da6\" colspan=\"1\" rowspan=\"1\">\n\t\t\t\t\t\t\t\t\t<p><strong>NAZIV ARTIKLA<\/strong><\/p>\t\t\t\t\t\t\t\t<\/th>\n\t\t\t\t\t\t\t\t\t\t\t\t\t\t\t\t\t\t\t\t\t\t\t\t\t\t\t\t<th class=\"wd-table-cell elementor-repeater-item-488bf94\" colspan=\"1\" rowspan=\"1\">\n\t\t\t\t\t\t\t\t\t<p><strong>CENA U PAKETU<\/strong><\/p>\t\t\t\t\t\t\t\t<\/th>\n\t\t\t\t\t\t\t\t\t\t\t\t\t\t\t\t\t\t\t\t\t\t\t\t\t\t\t\t<th class=\"wd-table-cell elementor-repeater-item-35b0bf7\" colspan=\"1\" rowspan=\"1\">\n\t\t\t\t\t\t\t\t\t<p><strong>OSNOVNA CENA<\/strong><\/p>\t\t\t\t\t\t\t\t<\/th>\n\t\t\t\t\t\t\t\t\t\t\t\t\t\t\t\t\t\t\t\t\t\t\t\t\t\t\t\t<th class=\"wd-table-cell elementor-repeater-item-e95c14a\" colspan=\"1\" rowspan=\"1\">\n\t\t\t\t\t\t\t\t\t<p><span data-sheets-root=\"1\"><strong>U\u0160TEDA<\/strong><\/span><\/p>\t\t\t\t\t\t\t\t<\/th>\n\t\t\t\t\t\t\t\t\t\t\t\t\t\t\t\t\t\t\t<\/tr>\n\t\t\t\t\t<\/thead>\n\t\t\t\t\n\t\t\t\t<tbody class=\"text-left\">\n\t\t\t\t\t\t\t\t\t\t\t\t\t\t\t\t\t\t\t\t\t\t\t\t\t\t<tr class=\"wd-table-row elementor-repeater-item-778ae89\">\n\t\t\t\t\t\t\t\t\t\t\t\t\t\t\t\t\t\t\t\t\t\t\t\t\t\t\t\t\t\t\t\n\t\t\t\t\t\t\t<td class=\"wd-table-cell elementor-repeater-item-20ea00b\" colspan=\"1\" rowspan=\"1\">\n\t\t\t\t\t\t\t\t<p><span data-sheets-root=\"1\">NAPITAK OD SOJE SA KALCIJUMOM 1L<\/span><\/p>\t\t\t\t\t\t\t<\/td>\n\t\t\t\t\t\t\t\t\t\t\t\t\t\t\t\t\t\t\t\t\t\t\t\t\n\t\t\t\t\t\t\t<td class=\"wd-table-cell elementor-repeater-item-aa0239f\" colspan=\"1\" rowspan=\"1\">\n\t\t\t\t\t\t\t\t<p><span data-sheets-root=\"1\">150,00<\/span><\/p>\t\t\t\t\t\t\t<\/td>\n\t\t\t\t\t\t\t\t\t\t\t\t\t\t\t\t\t\t\t\t\t\t\t\t\n\t\t\t\t\t\t\t<td class=\"wd-table-cell elementor-repeater-item-f7720af\" colspan=\"1\" rowspan=\"1\">\n\t\t\t\t\t\t\t\t<p><span data-sheets-root=\"1\">200,00<\/span><\/p>\t\t\t\t\t\t\t<\/td>\n\t\t\t\t\t\t\t\t\t\t\t\t\t\t\t\t\t\t\t\t\t\t\t\t\n\t\t\t\t\t\t\t<td class=\"wd-table-cell elementor-repeater-item-f62ab15\" colspan=\"1\" rowspan=\"1\">\n\t\t\t\t\t\t\t\t<p><span data-sheets-root=\"1\">50,00<\/span><\/p>\t\t\t\t\t\t\t<\/td>\n\t\t\t\t\t\t\t\t\t\t\t\t\t\t\t\t\t\t\t\t\t\t\t\t\t\t\t\t\t\t\t\t<\/tr>\n\t\t\t\t\t\t\t\t<tr class=\"wd-table-row elementor-repeater-item-9f0c4c9\">\n\t\t\t\t\t\t\t\t\t\t\t\t\t\t\t\t\t\t\t\t\t\t\t\t\t\t\t\t\t\t\t\n\t\t\t\t\t\t\t<td class=\"wd-table-cell elementor-repeater-item-b1f8f32\" colspan=\"1\" rowspan=\"1\">\n\t\t\t\t\t\t\t\t<p><span data-sheets-root=\"1\">PROTEIN GRANOLA SA \u010cOKOLADOM I ORA\u0160ASTIM PLODOVIMA 300g<\/span><\/p>\t\t\t\t\t\t\t<\/td>\n\t\t\t\t\t\t\t\t\t\t\t\t\t\t\t\t\t\t\t\t\t\t\t\t\n\t\t\t\t\t\t\t<td class=\"wd-table-cell elementor-repeater-item-cdfc55c\" colspan=\"1\" rowspan=\"1\">\n\t\t\t\t\t\t\t\t<p><span data-sheets-root=\"1\">300,00<\/span><\/p>\t\t\t\t\t\t\t<\/td>\n\t\t\t\t\t\t\t\t\t\t\t\t\t\t\t\t\t\t\t\t\t\t\t\t\n\t\t\t\t\t\t\t<td class=\"wd-table-cell elementor-repeater-item-c8aa676\" colspan=\"1\" rowspan=\"1\">\n\t\t\t\t\t\t\t\t<p><span data-sheets-root=\"1\">400,00<\/span><\/p>\t\t\t\t\t\t\t<\/td>\n\t\t\t\t\t\t\t\t\t\t\t\t\t\t\t\t\t\t\t\t\t\t\t\t\n\t\t\t\t\t\t\t<td class=\"wd-table-cell elementor-repeater-item-e94d33d\" colspan=\"1\" rowspan=\"1\">\n\t\t\t\t\t\t\t\t<p><span data-sheets-root=\"1\">100,00<\/span><\/p>\t\t\t\t\t\t\t<\/td>\n\t\t\t\t\t\t\t\t\t\t\t\t\t\t\t\t\t\t\t\t\t\t\t\t\t\t\t\t\t\t\t\t<\/tr>\n\t\t\t\t\t\t\t\t<tr class=\"wd-table-row elementor-repeater-item-18c8807\">\n\t\t\t\t\t\t\t\t\t\t\t\t\t\t\t\t\t\t\t\t\t\t\t\t\t\t\t\t\t\t\t\n\t\t\t\t\t\t\t<td class=\"wd-table-cell elementor-repeater-item-647ac72\" colspan=\"1\" rowspan=\"1\">\n\t\t\t\t\t\t\t\t<p><span data-sheets-root=\"1\">GO ON KIKIRIKI PUTER 180 g<\/span><\/p>\t\t\t\t\t\t\t<\/td>\n\t\t\t\t\t\t\t\t\t\t\t\t\t\t\t\t\t\t\t\t\t\t\t\t\n\t\t\t\t\t\t\t<td class=\"wd-table-cell elementor-repeater-item-5f1d65b\" colspan=\"1\" rowspan=\"1\">\n\t\t\t\t\t\t\t\t<p><span data-sheets-root=\"1\">195,50<\/span><\/p>\t\t\t\t\t\t\t<\/td>\n\t\t\t\t\t\t\t\t\t\t\t\t\t\t\t\t\t\t\t\t\t\t\t\t\n\t\t\t\t\t\t\t<td class=\"wd-table-cell elementor-repeater-item-de25705\" colspan=\"1\" rowspan=\"1\">\n\t\t\t\t\t\t\t\t<p><span data-sheets-root=\"1\">230,00<\/span><\/p>\t\t\t\t\t\t\t<\/td>\n\t\t\t\t\t\t\t\t\t\t\t\t\t\t\t\t\t\t\t\t\t\t\t\t\n\t\t\t\t\t\t\t<td class=\"wd-table-cell elementor-repeater-item-893b678\" colspan=\"1\" rowspan=\"1\">\n\t\t\t\t\t\t\t\t<p><span data-sheets-root=\"1\">34,50<\/span><\/p>\t\t\t\t\t\t\t<\/td>\n\t\t\t\t\t\t\t\t\t\t\t\t\t\t\t\t\t\t\t\t\t\t\t\t\t\t\t\t\t\t\t\t<\/tr>\n\t\t\t\t\t\t\t\t<tr class=\"wd-table-row elementor-repeater-item-725359e\">\n\t\t\t\t\t\t\t\t\t\t\t\t\t\t\t\t\t\t\t\t\t\t\t\t\t\t\t\t\t\t\t\n\t\t\t\t\t\t\t<td class=\"wd-table-cell elementor-repeater-item-1007473\" colspan=\"1\" rowspan=\"1\">\n\t\t\t\t\t\t\t\t<p><span data-sheets-root=\"1\">KURKUMA SHOT 150 ml<\/span><\/p>\t\t\t\t\t\t\t<\/td>\n\t\t\t\t\t\t\t\t\t\t\t\t\t\t\t\t\t\t\t\t\t\t\t\t\n\t\t\t\t\t\t\t<td class=\"wd-table-cell elementor-repeater-item-ad82b79\" colspan=\"1\" rowspan=\"1\">\n\t\t\t\t\t\t\t\t<p><span data-sheets-root=\"1\">148,50<\/span><\/p>\t\t\t\t\t\t\t<\/td>\n\t\t\t\t\t\t\t\t\t\t\t\t\t\t\t\t\t\t\t\t\t\t\t\t\n\t\t\t\t\t\t\t<td class=\"wd-table-cell elementor-repeater-item-401f062\" colspan=\"1\" rowspan=\"1\">\n\t\t\t\t\t\t\t\t<p><span data-sheets-root=\"1\">165,00<\/span><\/p>\t\t\t\t\t\t\t<\/td>\n\t\t\t\t\t\t\t\t\t\t\t\t\t\t\t\t\t\t\t\t\t\t\t\t\n\t\t\t\t\t\t\t<td class=\"wd-table-cell elementor-repeater-item-ff5be48\" colspan=\"1\" rowspan=\"1\">\n\t\t\t\t\t\t\t\t<p><span data-sheets-root=\"1\">16,50<\/span><\/p>\t\t\t\t\t\t\t<\/td>\n\t\t\t\t\t\t\t\t\t\t\t\t\t\t\t\t\t\t\t\t\t\t\t\t\t\t\t\t\t\t\t\t<\/tr>\n\t\t\t\t\t\t\t\t<tr class=\"wd-table-row elementor-repeater-item-175ac13\">\n\t\t\t\t\t\t\t\t\t\t\t\t\t\t\t\t\t\t\t\t\t\t\t\t\t\t\t\t\t\t\t\n\t\t\t\t\t\t\t<td class=\"wd-table-cell elementor-repeater-item-1510748\" colspan=\"1\" rowspan=\"1\">\n\t\t\t\t\t\t\t\t\t\t\t\t\t\t\t<\/td>\n\t\t\t\t\t\t\t\t\t\t\t\t\t\t\t\t\t\t\t\t\t\t\t\t\n\t\t\t\t\t\t\t<td class=\"wd-table-cell elementor-repeater-item-e1cff3c\" colspan=\"1\" rowspan=\"1\">\n\t\t\t\t\t\t\t\t<p style=\"font-size: 18px\"><span data-sheets-root=\"1\">794,00<\/span><\/p>\t\t\t\t\t\t\t<\/td>\n\t\t\t\t\t\t\t\t\t\t\t\t\t\t\t\t\t\t\t\t\t\t\t\t\n\t\t\t\t\t\t\t<td class=\"wd-table-cell elementor-repeater-item-87f3cce\" colspan=\"1\" rowspan=\"1\">\n\t\t\t\t\t\t\t\t<p><span data-sheets-root=\"1\">995,00<\/span><\/p>\t\t\t\t\t\t\t<\/td>\n\t\t\t\t\t\t\t\t\t\t\t\t\t\t\t\t\t\t\t\t\t\t\t\t\n\t\t\t\t\t\t\t<td class=\"wd-table-cell elementor-repeater-item-20f4848\" colspan=\"1\" rowspan=\"1\">\n\t\t\t\t\t\t\t\t<p><span data-sheets-root=\"1\">201,00<\/span><\/p>\t\t\t\t\t\t\t<\/td>\n\t\t\t\t\t\t\t\t\t\t\t\t\t\t\t\t<\/tr>\n\t\t\t\t<\/tbody>\n\t\t\t<\/table>\n\t\t<\/div>\n\t\t\t\t\t\t<\/div>\n\t\t\t\t<\/div>\n\t\t\t\t\t<\/div>\n\t\t\t\t<\/div>\n\t\t\t\t<\/div>\n\t\t","protected":false},"excerpt":{"rendered":"<p>Paket sadr\u017ei: NAPITAK OD SOJE SA KALCIJUMOM 1L PROTEIN GRANOLA SA \u010cOKOLADOM I ORA\u0160ASTIM PLODOVIMA 300g GO ON KIKIRIKI PUTER<\/p>\n","protected":false},"featured_media":32844,"template":"","meta":[],"product_brand":[],"product_cat":[238],"product_tag":[239],"class_list":{"0":"post-32695","1":"product","2":"type-product","3":"status-publish","4":"has-post-thumbnail","6":"product_cat-paketi","7":"product_tag-paketi","9":"first","10":"instock","11":"sale","12":"shipping-taxable","13":"purchasable","14":"product-type-simple"},"_links":{"self":[{"href":"https:\/\/mayrex.rs\/en\/wp-json\/wp\/v2\/product\/32695","targetHints":{"allow":["GET"]}}],"collection":[{"href":"https:\/\/mayrex.rs\/en\/wp-json\/wp\/v2\/product"}],"about":[{"href":"https:\/\/mayrex.rs\/en\/wp-json\/wp\/v2\/types\/product"}],"wp:featuredmedia":[{"embeddable":true,"href":"https:\/\/mayrex.rs\/en\/wp-json\/wp\/v2\/media\/32844"}],"wp:attachment":[{"href":"https:\/\/mayrex.rs\/en\/wp-json\/wp\/v2\/media?parent=32695"}],"wp:term":[{"taxonomy":"product_brand","embeddable":true,"href":"https:\/\/mayrex.rs\/en\/wp-json\/wp\/v2\/product_brand?post=32695"},{"taxonomy":"product_cat","embeddable":true,"href":"https:\/\/mayrex.rs\/en\/wp-json\/wp\/v2\/product_cat?post=32695"},{"taxonomy":"product_tag","embeddable":true,"href":"https:\/\/mayrex.rs\/en\/wp-json\/wp\/v2\/product_tag?post=32695"}],"curies":[{"name":"wp","href":"https:\/\/api.w.org\/{rel}","templated":true}]}}