{"id":33981,"date":"2025-09-10T14:07:52","date_gmt":"2025-09-10T14:07:52","guid":{"rendered":"https:\/\/mayrex.rs\/?post_type=product&#038;p=33981"},"modified":"2025-09-10T15:38:28","modified_gmt":"2025-09-10T15:38:28","slug":"back-2-school-paket","status":"publish","type":"product","link":"https:\/\/mayrex.rs\/en\/\u043f\u0440\u043e\u0438\u0437\u0432\u043e\u0434\/back-2-school-paket\/","title":{"rendered":"Back 2 School paket"},"content":{"rendered":"\t\t<div data-elementor-type=\"product-post\" data-elementor-id=\"33981\" class=\"elementor elementor-33981\" data-elementor-post-type=\"product\">\n\t\t\t\t<div class=\"wd-negative-gap elementor-element elementor-element-7d0ab6be e-flex e-con-boxed e-con e-parent\" data-id=\"7d0ab6be\" data-element_type=\"container\" data-e-type=\"container\">\n\t\t\t\t\t<div class=\"e-con-inner\">\n\t\t\t\t<div class=\"elementor-element elementor-element-389a6016 color-scheme-inherit text-left elementor-widget elementor-widget-text-editor\" data-id=\"389a6016\" data-element_type=\"widget\" data-e-type=\"widget\" data-widget_type=\"text-editor.default\">\n\t\t\t\t<div class=\"elementor-widget-container\">\n\t\t\t\t\t\t\t\t\t<p><strong>Paket sadr\u017ei:<\/strong><\/p><p>KROASAN DIVELA PISTA\u0106I \u010cOKOLADA 210G 8\/1<\/p><p>CRUCNHY VO\u0106E 350 g<\/p><p>SOK ANANAS-KOKOS 1 L<\/p><p>YUPPIE \u010cOKOLADA 30G 24\/1<\/p><p>YUPPIE VANILA 30G 24\/1<\/p><p>GRISINI CLASSIC 125G 18\/1<\/p><p>CHUPA CHUPS BUBLLE GUM 345 ml<\/p><p>CHUPA CHUPS SOUR BLUEBERRY 345ml<\/p>\t\t\t\t\t\t\t\t<\/div>\n\t\t\t\t<\/div>\n\t\t\t\t<div class=\"elementor-element elementor-element-ddec67d elementor-widget elementor-widget-wd_table\" data-id=\"ddec67d\" data-element_type=\"widget\" data-e-type=\"widget\" data-widget_type=\"wd_table.default\">\n\t\t\t\t<div class=\"elementor-widget-container\">\n\t\t\t\t\t\t\t<div class=\"wd-el-table-wrap wd-reset-all-last\">\n\t\t\t<table class=\"wd-el-table\">\n\t\t\t\t\t\t\t\t\t<thead class=\"text-left\">\n\t\t\t\t\t\t\t\t\t\t\t\t\t\t\t\t\t\t\t\t\t\t\t\t\t\t\t\t\t\t<tr class=\"wd-table-row elementor-repeater-item-2d21d05\">\n\t\t\t\t\t\t\t\t\t\t\t\t\t\t\t\t\t\t\t\t\t\t\t\t\t\t\t\t\t\t\t\t\t\t\t\t<th class=\"wd-table-cell elementor-repeater-item-c741da6\" colspan=\"1\" rowspan=\"1\">\n\t\t\t\t\t\t\t\t\t<p><strong>NAZIV ARTIKLA<\/strong><\/p>\t\t\t\t\t\t\t\t<\/th>\n\t\t\t\t\t\t\t\t\t\t\t\t\t\t\t\t\t\t\t\t\t\t\t\t\t\t\t\t<th class=\"wd-table-cell elementor-repeater-item-488bf94\" colspan=\"1\" rowspan=\"1\">\n\t\t\t\t\t\t\t\t\t<p><strong>CENA U PAKETU<\/strong><\/p>\t\t\t\t\t\t\t\t<\/th>\n\t\t\t\t\t\t\t\t\t\t\t\t\t\t\t\t\t\t\t\t\t\t\t\t\t\t\t\t<th class=\"wd-table-cell elementor-repeater-item-35b0bf7\" colspan=\"1\" rowspan=\"1\">\n\t\t\t\t\t\t\t\t\t<p><strong>OSNOVNA CENA<\/strong><\/p>\t\t\t\t\t\t\t\t<\/th>\n\t\t\t\t\t\t\t\t\t\t\t\t\t\t\t\t\t\t\t\t\t\t\t\t\t\t\t\t<th class=\"wd-table-cell elementor-repeater-item-e95c14a\" colspan=\"1\" rowspan=\"1\">\n\t\t\t\t\t\t\t\t\t<p><span data-sheets-root=\"1\"><strong>U\u0160TEDA<\/strong><br \/><\/span><\/p>\t\t\t\t\t\t\t\t<\/th>\n\t\t\t\t\t\t\t\t\t\t\t\t\t\t\t\t\t\t\t<\/tr>\n\t\t\t\t\t<\/thead>\n\t\t\t\t\n\t\t\t\t<tbody class=\"text-left\">\n\t\t\t\t\t\t\t\t\t\t\t\t\t\t\t\t\t\t\t\t\t\t\t\t\t\t<tr class=\"wd-table-row elementor-repeater-item-778ae89\">\n\t\t\t\t\t\t\t\t\t\t\t\t\t\t\t\t\t\t\t\t\t\t\t\t\t\t\t\t\t\t\t\n\t\t\t\t\t\t\t<td class=\"wd-table-cell elementor-repeater-item-20ea00b\" colspan=\"1\" rowspan=\"1\">\n\t\t\t\t\t\t\t\t<p>KROASAN DIVELA PISTA\u0106I \u010cOKOLADA 210G 8\/1\u00a0<\/p>\t\t\t\t\t\t\t<\/td>\n\t\t\t\t\t\t\t\t\t\t\t\t\t\t\t\t\t\t\t\t\t\t\t\t\n\t\t\t\t\t\t\t<td class=\"wd-table-cell elementor-repeater-item-f7720af\" colspan=\"1\" rowspan=\"1\">\n\t\t\t\t\t\t\t\t<p><span data-sheets-root=\"1\">186,00<\/span><\/p>\t\t\t\t\t\t\t<\/td>\n\t\t\t\t\t\t\t\t\t\t\t\t\t\t\t\t\t\t\t\t\t\t\t\t\n\t\t\t\t\t\t\t<td class=\"wd-table-cell elementor-repeater-item-aa0239f\" colspan=\"1\" rowspan=\"1\">\n\t\t\t\t\t\t\t\t<p><span data-sheets-root=\"1\">205,99<\/span><\/p>\t\t\t\t\t\t\t<\/td>\n\t\t\t\t\t\t\t\t\t\t\t\t\t\t\t\t\t\t\t\t\t\t\t\t\n\t\t\t\t\t\t\t<td class=\"wd-table-cell elementor-repeater-item-f62ab15\" colspan=\"1\" rowspan=\"1\">\n\t\t\t\t\t\t\t\t<p><span data-sheets-root=\"1\">19,99<\/span><\/p>\t\t\t\t\t\t\t<\/td>\n\t\t\t\t\t\t\t\t\t\t\t\t\t\t\t\t\t\t\t\t\t\t\t\t\t\t\t\t\t\t\t\t<\/tr>\n\t\t\t\t\t\t\t\t<tr class=\"wd-table-row elementor-repeater-item-9f0c4c9\">\n\t\t\t\t\t\t\t\t\t\t\t\t\t\t\t\t\t\t\t\t\t\t\t\t\t\t\t\t\t\t\t\n\t\t\t\t\t\t\t<td class=\"wd-table-cell elementor-repeater-item-b1f8f32\" colspan=\"1\" rowspan=\"1\">\n\t\t\t\t\t\t\t\t<p>CRUCNHY VO\u0106E 350 g<\/p>\t\t\t\t\t\t\t<\/td>\n\t\t\t\t\t\t\t\t\t\t\t\t\t\t\t\t\t\t\t\t\t\t\t\t\n\t\t\t\t\t\t\t<td class=\"wd-table-cell elementor-repeater-item-c8aa676\" colspan=\"1\" rowspan=\"1\">\n\t\t\t\t\t\t\t\t<p><span data-sheets-root=\"1\">289,99<\/span><\/p>\t\t\t\t\t\t\t<\/td>\n\t\t\t\t\t\t\t\t\t\t\t\t\t\t\t\t\t\t\t\t\t\t\t\t\n\t\t\t\t\t\t\t<td class=\"wd-table-cell elementor-repeater-item-cdfc55c\" colspan=\"1\" rowspan=\"1\">\n\t\t\t\t\t\t\t\t<p><span data-sheets-root=\"1\">305,99<\/span><\/p>\t\t\t\t\t\t\t<\/td>\n\t\t\t\t\t\t\t\t\t\t\t\t\t\t\t\t\t\t\t\t\t\t\t\t\n\t\t\t\t\t\t\t<td class=\"wd-table-cell elementor-repeater-item-e94d33d\" colspan=\"1\" rowspan=\"1\">\n\t\t\t\t\t\t\t\t<p><span data-sheets-root=\"1\">16,00<\/span><\/p>\t\t\t\t\t\t\t<\/td>\n\t\t\t\t\t\t\t\t\t\t\t\t\t\t\t\t\t\t\t\t\t\t\t\t\t\t\t\t\t\t\t\t<\/tr>\n\t\t\t\t\t\t\t\t<tr class=\"wd-table-row elementor-repeater-item-725359e\">\n\t\t\t\t\t\t\t\t\t\t\t\t\t\t\t\t\t\t\t\t\t\t\t\t\t\t\t\t\t\t\t\n\t\t\t\t\t\t\t<td class=\"wd-table-cell elementor-repeater-item-1007473\" colspan=\"1\" rowspan=\"1\">\n\t\t\t\t\t\t\t\t<p>SOK ANANAS-KOKOS 1 L<\/p>\t\t\t\t\t\t\t<\/td>\n\t\t\t\t\t\t\t\t\t\t\t\t\t\t\t\t\t\t\t\t\t\t\t\t\n\t\t\t\t\t\t\t<td class=\"wd-table-cell elementor-repeater-item-401f062\" colspan=\"1\" rowspan=\"1\">\n\t\t\t\t\t\t\t\t<p><span data-sheets-root=\"1\">219,00<\/span><\/p>\t\t\t\t\t\t\t<\/td>\n\t\t\t\t\t\t\t\t\t\t\t\t\t\t\t\t\t\t\t\t\t\t\t\t\n\t\t\t\t\t\t\t<td class=\"wd-table-cell elementor-repeater-item-ad82b79\" colspan=\"1\" rowspan=\"1\">\n\t\t\t\t\t\t\t\t<p><span data-sheets-root=\"1\">225,99<\/span><\/p>\t\t\t\t\t\t\t<\/td>\n\t\t\t\t\t\t\t\t\t\t\t\t\t\t\t\t\t\t\t\t\t\t\t\t\n\t\t\t\t\t\t\t<td class=\"wd-table-cell elementor-repeater-item-ff5be48\" colspan=\"1\" rowspan=\"1\">\n\t\t\t\t\t\t\t\t<p><span data-sheets-root=\"1\">6,99<\/span><\/p>\t\t\t\t\t\t\t<\/td>\n\t\t\t\t\t\t\t\t\t\t\t\t\t\t\t\t\t\t\t\t\t\t\t\t\t\t\t\t\t\t\t\t<\/tr>\n\t\t\t\t\t\t\t\t<tr class=\"wd-table-row elementor-repeater-item-4dda97c\">\n\t\t\t\t\t\t\t\t\t\t\t\t\t\t\t\t\t\t\t\t\t\t\t\t\t\t\t\t\t\t\t\n\t\t\t\t\t\t\t<td class=\"wd-table-cell elementor-repeater-item-c7c8cb1\" colspan=\"1\" rowspan=\"1\">\n\t\t\t\t\t\t\t\t<p>YUPPIE \u010cOKOLADA 30G 24\/1\u00a0<\/p>\t\t\t\t\t\t\t<\/td>\n\t\t\t\t\t\t\t\t\t\t\t\t\t\t\t\t\t\t\t\t\t\t\t\t\n\t\t\t\t\t\t\t<td class=\"wd-table-cell elementor-repeater-item-a41d3c9\" colspan=\"1\" rowspan=\"1\">\n\t\t\t\t\t\t\t\t<p><span data-sheets-root=\"1\">33,00<\/span><\/p>\t\t\t\t\t\t\t<\/td>\n\t\t\t\t\t\t\t\t\t\t\t\t\t\t\t\t\t\t\t\t\t\t\t\t\n\t\t\t\t\t\t\t<td class=\"wd-table-cell elementor-repeater-item-91d8223\" colspan=\"1\" rowspan=\"1\">\n\t\t\t\t\t\t\t\t<p><span data-sheets-root=\"1\">35,99<\/span><\/p>\t\t\t\t\t\t\t<\/td>\n\t\t\t\t\t\t\t\t\t\t\t\t\t\t\t\t\t\t\t\t\t\t\t\t\n\t\t\t\t\t\t\t<td class=\"wd-table-cell elementor-repeater-item-7b5af45\" colspan=\"1\" rowspan=\"1\">\n\t\t\t\t\t\t\t\t<p><span data-sheets-root=\"1\">2,99<\/span><\/p>\t\t\t\t\t\t\t<\/td>\n\t\t\t\t\t\t\t\t\t\t\t\t\t\t\t\t\t\t\t\t\t\t\t\t\t\t\t\t\t\t\t\t<\/tr>\n\t\t\t\t\t\t\t\t<tr class=\"wd-table-row elementor-repeater-item-e202ba7\">\n\t\t\t\t\t\t\t\t\t\t\t\t\t\t\t\t\t\t\t\t\t\t\t\t\t\t\t\t\t\t\t\n\t\t\t\t\t\t\t<td class=\"wd-table-cell elementor-repeater-item-590a043\" colspan=\"1\" rowspan=\"1\">\n\t\t\t\t\t\t\t\t<p>YUPPIE VANILA 30G 24\/1<\/p>\t\t\t\t\t\t\t<\/td>\n\t\t\t\t\t\t\t\t\t\t\t\t\t\t\t\t\t\t\t\t\t\t\t\t\n\t\t\t\t\t\t\t<td class=\"wd-table-cell elementor-repeater-item-ad7dea2\" colspan=\"1\" rowspan=\"1\">\n\t\t\t\t\t\t\t\t<p>33,00<\/p>\t\t\t\t\t\t\t<\/td>\n\t\t\t\t\t\t\t\t\t\t\t\t\t\t\t\t\t\t\t\t\t\t\t\t\n\t\t\t\t\t\t\t<td class=\"wd-table-cell elementor-repeater-item-341bdf1\" colspan=\"1\" rowspan=\"1\">\n\t\t\t\t\t\t\t\t<p>35,99<\/p>\t\t\t\t\t\t\t<\/td>\n\t\t\t\t\t\t\t\t\t\t\t\t\t\t\t\t\t\t\t\t\t\t\t\t\n\t\t\t\t\t\t\t<td class=\"wd-table-cell elementor-repeater-item-174c41c\" colspan=\"1\" rowspan=\"1\">\n\t\t\t\t\t\t\t\t<p>2,99<\/p>\t\t\t\t\t\t\t<\/td>\n\t\t\t\t\t\t\t\t\t\t\t\t\t\t\t\t\t\t\t\t\t\t\t\t\t\t\t\t\t\t\t\t<\/tr>\n\t\t\t\t\t\t\t\t<tr class=\"wd-table-row elementor-repeater-item-e754978\">\n\t\t\t\t\t\t\t\t\t\t\t\t\t\t\t\t\t\t\t\t\t\t\t\t\t\t\t\t\t\t\t\n\t\t\t\t\t\t\t<td class=\"wd-table-cell elementor-repeater-item-e3be406\" colspan=\"1\" rowspan=\"1\">\n\t\t\t\t\t\t\t\t<p>GRISINI CLASSIC 125G 18\/1\u00a0<\/p>\t\t\t\t\t\t\t<\/td>\n\t\t\t\t\t\t\t\t\t\t\t\t\t\t\t\t\t\t\t\t\t\t\t\t\n\t\t\t\t\t\t\t<td class=\"wd-table-cell elementor-repeater-item-a424922\" colspan=\"1\" rowspan=\"1\">\n\t\t\t\t\t\t\t\t<p>117,00<\/p>\t\t\t\t\t\t\t<\/td>\n\t\t\t\t\t\t\t\t\t\t\t\t\t\t\t\t\t\t\t\t\t\t\t\t\n\t\t\t\t\t\t\t<td class=\"wd-table-cell elementor-repeater-item-80abf70\" colspan=\"1\" rowspan=\"1\">\n\t\t\t\t\t\t\t\t<p>129,99<\/p>\t\t\t\t\t\t\t<\/td>\n\t\t\t\t\t\t\t\t\t\t\t\t\t\t\t\t\t\t\t\t\t\t\t\t\n\t\t\t\t\t\t\t<td class=\"wd-table-cell elementor-repeater-item-e0d1318\" colspan=\"1\" rowspan=\"1\">\n\t\t\t\t\t\t\t\t<p>12,99<\/p>\t\t\t\t\t\t\t<\/td>\n\t\t\t\t\t\t\t\t\t\t\t\t\t\t\t\t\t\t\t\t\t\t\t\t\t\t\t\t\t\t\t\t<\/tr>\n\t\t\t\t\t\t\t\t<tr class=\"wd-table-row elementor-repeater-item-602c7e4\">\n\t\t\t\t\t\t\t\t\t\t\t\t\t\t\t\t\t\t\t\t\t\t\t\t\t\t\t\t\t\t\t\n\t\t\t\t\t\t\t<td class=\"wd-table-cell elementor-repeater-item-f0bb10e\" colspan=\"1\" rowspan=\"1\">\n\t\t\t\t\t\t\t\t<p>CHUPA CHUPS BUBLLE GUM 345 ml\u00a0<\/p>\t\t\t\t\t\t\t<\/td>\n\t\t\t\t\t\t\t\t\t\t\t\t\t\t\t\t\t\t\t\t\t\t\t\t\n\t\t\t\t\t\t\t<td class=\"wd-table-cell elementor-repeater-item-bf54d01\" colspan=\"1\" rowspan=\"1\">\n\t\t\t\t\t\t\t\t<p>170<span data-sheets-root=\"1\">,00<\/span><\/p>\t\t\t\t\t\t\t<\/td>\n\t\t\t\t\t\t\t\t\t\t\t\t\t\t\t\t\t\t\t\t\t\t\t\t\n\t\t\t\t\t\t\t<td class=\"wd-table-cell elementor-repeater-item-534c138\" colspan=\"1\" rowspan=\"1\">\n\t\t\t\t\t\t\t\t<p>189,99<\/p>\t\t\t\t\t\t\t<\/td>\n\t\t\t\t\t\t\t\t\t\t\t\t\t\t\t\t\t\t\t\t\t\t\t\t\n\t\t\t\t\t\t\t<td class=\"wd-table-cell elementor-repeater-item-6c0c1ed\" colspan=\"1\" rowspan=\"1\">\n\t\t\t\t\t\t\t\t<p>19,99<\/p>\t\t\t\t\t\t\t<\/td>\n\t\t\t\t\t\t\t\t\t\t\t\t\t\t\t\t\t\t\t\t\t\t\t\t\t\t\t\t\t\t\t\t<\/tr>\n\t\t\t\t\t\t\t\t<tr class=\"wd-table-row elementor-repeater-item-b5f63cc\">\n\t\t\t\t\t\t\t\t\t\t\t\t\t\t\t\t\t\t\t\t\t\t\t\t\t\t\t\t\t\t\t\n\t\t\t\t\t\t\t<td class=\"wd-table-cell elementor-repeater-item-132fbc3\" colspan=\"1\" rowspan=\"1\">\n\t\t\t\t\t\t\t\t<p>CHUPA CHUPS SOUR BLUEBERRY 345ml<\/p>\t\t\t\t\t\t\t<\/td>\n\t\t\t\t\t\t\t\t\t\t\t\t\t\t\t\t\t\t\t\t\t\t\t\t\n\t\t\t\t\t\t\t<td class=\"wd-table-cell elementor-repeater-item-ae3fe4c\" colspan=\"1\" rowspan=\"1\">\n\t\t\t\t\t\t\t\t<p>170,00<\/p>\t\t\t\t\t\t\t<\/td>\n\t\t\t\t\t\t\t\t\t\t\t\t\t\t\t\t\t\t\t\t\t\t\t\t\n\t\t\t\t\t\t\t<td class=\"wd-table-cell elementor-repeater-item-79c0ba3\" colspan=\"1\" rowspan=\"1\">\n\t\t\t\t\t\t\t\t<p>189,99<\/p>\t\t\t\t\t\t\t<\/td>\n\t\t\t\t\t\t\t\t\t\t\t\t\t\t\t\t\t\t\t\t\t\t\t\t\n\t\t\t\t\t\t\t<td class=\"wd-table-cell elementor-repeater-item-5f2b771\" colspan=\"1\" rowspan=\"1\">\n\t\t\t\t\t\t\t\t<p>19<span data-sheets-root=\"1\">,99<\/span><\/p>\t\t\t\t\t\t\t<\/td>\n\t\t\t\t\t\t\t\t\t\t\t\t\t\t\t\t\t\t\t\t\t\t\t\t\t\t\t\t\t\t\t\t<\/tr>\n\t\t\t\t\t\t\t\t<tr class=\"wd-table-row elementor-repeater-item-175ac13\">\n\t\t\t\t\t\t\t\t\t\t\t\t\t\t\t\t\t\t\t\t\t\t\t\t\t\t\t\t\t\t\t\n\t\t\t\t\t\t\t<td class=\"wd-table-cell elementor-repeater-item-1510748\" colspan=\"1\" rowspan=\"1\">\n\t\t\t\t\t\t\t\t\t\t\t\t\t\t\t<\/td>\n\t\t\t\t\t\t\t\t\t\t\t\t\t\t\t\t\t\t\t\t\t\t\t\t\n\t\t\t\t\t\t\t<td class=\"wd-table-cell elementor-repeater-item-e1cff3c\" colspan=\"1\" rowspan=\"1\">\n\t\t\t\t\t\t\t\t<p style=\"font-size: 18px\"><span data-sheets-root=\"1\">1217,99<\/span><\/p>\t\t\t\t\t\t\t<\/td>\n\t\t\t\t\t\t\t\t\t\t\t\t\t\t\t\t\t\t\t\t\t\t\t\t\n\t\t\t\t\t\t\t<td class=\"wd-table-cell elementor-repeater-item-87f3cce\" colspan=\"1\" rowspan=\"1\">\n\t\t\t\t\t\t\t\t1319,92\t\t\t\t\t\t\t<\/td>\n\t\t\t\t\t\t\t\t\t\t\t\t\t\t\t\t\t\t\t\t\t\t\t\t\n\t\t\t\t\t\t\t<td class=\"wd-table-cell elementor-repeater-item-20f4848\" colspan=\"1\" rowspan=\"1\">\n\t\t\t\t\t\t\t\t<p><span data-sheets-root=\"1\">101,93<\/span><\/p>\t\t\t\t\t\t\t<\/td>\n\t\t\t\t\t\t\t\t\t\t\t\t\t\t\t\t<\/tr>\n\t\t\t\t<\/tbody>\n\t\t\t<\/table>\n\t\t<\/div>\n\t\t\t\t\t\t<\/div>\n\t\t\t\t<\/div>\n\t\t\t\t\t<\/div>\n\t\t\t\t<\/div>\n\t\t\t\t<\/div>\n\t\t","protected":false},"excerpt":{"rendered":"<p>Paket sadr\u017ei: KROASAN DIVELA PISTA\u0106I \u010cOKOLADA 210G 8\/1 CRUCNHY VO\u0106E 350 g SOK ANANAS-KOKOS 1 L YUPPIE \u010cOKOLADA 30G 24\/1<\/p>\n","protected":false},"featured_media":33996,"template":"","meta":[],"product_brand":[],"product_cat":[238],"product_tag":[239],"class_list":{"0":"post-33981","1":"product","2":"type-product","3":"status-publish","4":"has-post-thumbnail","6":"product_cat-paketi","7":"product_tag-paketi","9":"first","10":"instock","11":"sale","12":"shipping-taxable","13":"purchasable","14":"product-type-simple"},"_links":{"self":[{"href":"https:\/\/mayrex.rs\/en\/wp-json\/wp\/v2\/product\/33981","targetHints":{"allow":["GET"]}}],"collection":[{"href":"https:\/\/mayrex.rs\/en\/wp-json\/wp\/v2\/product"}],"about":[{"href":"https:\/\/mayrex.rs\/en\/wp-json\/wp\/v2\/types\/product"}],"wp:featuredmedia":[{"embeddable":true,"href":"https:\/\/mayrex.rs\/en\/wp-json\/wp\/v2\/media\/33996"}],"wp:attachment":[{"href":"https:\/\/mayrex.rs\/en\/wp-json\/wp\/v2\/media?parent=33981"}],"wp:term":[{"taxonomy":"product_brand","embeddable":true,"href":"https:\/\/mayrex.rs\/en\/wp-json\/wp\/v2\/product_brand?post=33981"},{"taxonomy":"product_cat","embeddable":true,"href":"https:\/\/mayrex.rs\/en\/wp-json\/wp\/v2\/product_cat?post=33981"},{"taxonomy":"product_tag","embeddable":true,"href":"https:\/\/mayrex.rs\/en\/wp-json\/wp\/v2\/product_tag?post=33981"}],"curies":[{"name":"wp","href":"https:\/\/api.w.org\/{rel}","templated":true}]}}