{"id":34755,"date":"2026-03-16T10:32:07","date_gmt":"2026-03-16T10:32:07","guid":{"rendered":"https:\/\/mayrex.rs\/?post_type=product&#038;p=34755"},"modified":"2026-03-16T10:32:08","modified_gmt":"2026-03-16T10:32:08","slug":"sredstvo-za-ispiranje-posudja-u-masinama-za-pranje-posudja-1l","status":"publish","type":"product","link":"https:\/\/mayrex.rs\/en\/\u043f\u0440\u043e\u0438\u0437\u0432\u043e\u0434\/sredstvo-za-ispiranje-posudja-u-masinama-za-pranje-posudja-1l\/","title":{"rendered":"SREDSTVO ZA ISPIRANJE POSU\u0110A U MA\u0160INAMA ZA PRANJE POSU\u0110A 1L"},"content":{"rendered":"","protected":false},"excerpt":{"rendered":"","protected":false},"featured_media":34756,"template":"","meta":[],"product_brand":[281],"product_cat":[20],"product_tag":[],"class_list":{"0":"post-34755","1":"product","2":"type-product","3":"status-publish","4":"has-post-thumbnail","6":"product_brand-spartan","7":"product_cat-nekategorizovano","9":"first","10":"instock","11":"shipping-taxable","12":"product-type-simple"},"_links":{"self":[{"href":"https:\/\/mayrex.rs\/en\/wp-json\/wp\/v2\/product\/34755","targetHints":{"allow":["GET"]}}],"collection":[{"href":"https:\/\/mayrex.rs\/en\/wp-json\/wp\/v2\/product"}],"about":[{"href":"https:\/\/mayrex.rs\/en\/wp-json\/wp\/v2\/types\/product"}],"wp:featuredmedia":[{"embeddable":true,"href":"https:\/\/mayrex.rs\/en\/wp-json\/wp\/v2\/media\/34756"}],"wp:attachment":[{"href":"https:\/\/mayrex.rs\/en\/wp-json\/wp\/v2\/media?parent=34755"}],"wp:term":[{"taxonomy":"product_brand","embeddable":true,"href":"https:\/\/mayrex.rs\/en\/wp-json\/wp\/v2\/product_brand?post=34755"},{"taxonomy":"product_cat","embeddable":true,"href":"https:\/\/mayrex.rs\/en\/wp-json\/wp\/v2\/product_cat?post=34755"},{"taxonomy":"product_tag","embeddable":true,"href":"https:\/\/mayrex.rs\/en\/wp-json\/wp\/v2\/product_tag?post=34755"}],"curies":[{"name":"wp","href":"https:\/\/api.w.org\/{rel}","templated":true}]}}