{"id":34758,"date":"2026-03-16T10:34:53","date_gmt":"2026-03-16T10:34:53","guid":{"rendered":"https:\/\/mayrex.rs\/?post_type=product&#038;p=34758"},"modified":"2026-03-16T10:34:54","modified_gmt":"2026-03-16T10:34:54","slug":"tecni-deterdzent-black-za-crni-ves-32-l","status":"publish","type":"product","link":"https:\/\/mayrex.rs\/en\/proizvod\/tecni-deterdzent-black-za-crni-ves-32-l\/","title":{"rendered":"TE\u010cNI DETERD\u017dENT BLACK-ZA CRNI VE\u0160 3,2 L"},"content":{"rendered":"","protected":false},"excerpt":{"rendered":"","protected":false},"featured_media":34759,"template":"","meta":[],"product_brand":[281],"product_cat":[20],"product_tag":[],"class_list":{"0":"post-34758","1":"product","2":"type-product","3":"status-publish","4":"has-post-thumbnail","6":"product_brand-spartan","7":"product_cat-nekategorizovano","9":"first","10":"instock","11":"shipping-taxable","12":"product-type-simple"},"_links":{"self":[{"href":"https:\/\/mayrex.rs\/en\/wp-json\/wp\/v2\/product\/34758","targetHints":{"allow":["GET"]}}],"collection":[{"href":"https:\/\/mayrex.rs\/en\/wp-json\/wp\/v2\/product"}],"about":[{"href":"https:\/\/mayrex.rs\/en\/wp-json\/wp\/v2\/types\/product"}],"wp:featuredmedia":[{"embeddable":true,"href":"https:\/\/mayrex.rs\/en\/wp-json\/wp\/v2\/media\/34759"}],"wp:attachment":[{"href":"https:\/\/mayrex.rs\/en\/wp-json\/wp\/v2\/media?parent=34758"}],"wp:term":[{"taxonomy":"product_brand","embeddable":true,"href":"https:\/\/mayrex.rs\/en\/wp-json\/wp\/v2\/product_brand?post=34758"},{"taxonomy":"product_cat","embeddable":true,"href":"https:\/\/mayrex.rs\/en\/wp-json\/wp\/v2\/product_cat?post=34758"},{"taxonomy":"product_tag","embeddable":true,"href":"https:\/\/mayrex.rs\/en\/wp-json\/wp\/v2\/product_tag?post=34758"}],"curies":[{"name":"wp","href":"https:\/\/api.w.org\/{rel}","templated":true}]}}