{"id":35419,"date":"2026-05-12T10:00:31","date_gmt":"2026-05-12T10:00:31","guid":{"rendered":"https:\/\/mayrex.rs\/?post_type=product&#038;p=35419"},"modified":"2026-05-12T10:02:26","modified_gmt":"2026-05-12T10:02:26","slug":"kakao-krem-prozvod-sa-lesnicima-bez-dodatog-secera","status":"publish","type":"product","link":"https:\/\/mayrex.rs\/en\/\u043f\u0440\u043e\u0438\u0437\u0432\u043e\u0434\/kakao-krem-prozvod-sa-lesnicima-bez-dodatog-secera\/","title":{"rendered":"Kakao krem prozvod sa le\u0161nicima bez dodatog \u0161e\u0107era"},"content":{"rendered":"","protected":false},"excerpt":{"rendered":"","protected":false},"featured_media":35425,"template":"","meta":[],"product_brand":[280],"product_cat":[143,381],"product_tag":[],"class_list":{"0":"post-35419","1":"product","2":"type-product","3":"status-publish","4":"has-post-thumbnail","6":"product_brand-leona","7":"product_cat-slatkisi-i-grickalice","8":"product_cat-kremovi-i-namazi","10":"first","11":"instock","12":"shipping-taxable","13":"product-type-simple"},"_links":{"self":[{"href":"https:\/\/mayrex.rs\/en\/wp-json\/wp\/v2\/product\/35419","targetHints":{"allow":["GET"]}}],"collection":[{"href":"https:\/\/mayrex.rs\/en\/wp-json\/wp\/v2\/product"}],"about":[{"href":"https:\/\/mayrex.rs\/en\/wp-json\/wp\/v2\/types\/product"}],"wp:featuredmedia":[{"embeddable":true,"href":"https:\/\/mayrex.rs\/en\/wp-json\/wp\/v2\/media\/35425"}],"wp:attachment":[{"href":"https:\/\/mayrex.rs\/en\/wp-json\/wp\/v2\/media?parent=35419"}],"wp:term":[{"taxonomy":"product_brand","embeddable":true,"href":"https:\/\/mayrex.rs\/en\/wp-json\/wp\/v2\/product_brand?post=35419"},{"taxonomy":"product_cat","embeddable":true,"href":"https:\/\/mayrex.rs\/en\/wp-json\/wp\/v2\/product_cat?post=35419"},{"taxonomy":"product_tag","embeddable":true,"href":"https:\/\/mayrex.rs\/en\/wp-json\/wp\/v2\/product_tag?post=35419"}],"curies":[{"name":"wp","href":"https:\/\/api.w.org\/{rel}","templated":true}]}}